{"id":5076,"date":"2019-02-03T10:50:35","date_gmt":"2019-02-03T09:50:35","guid":{"rendered":"https:\/\/inoff.se\/?page_id=5076"},"modified":"2019-02-03T13:47:22","modified_gmt":"2019-02-03T12:47:22","slug":"miljobilder","status":"publish","type":"page","link":"https:\/\/inoff.se\/en\/miljobilder\/","title":{"rendered":"Interior"},"content":{"rendered":"<div class=\"wpb-content-wrapper\"><p>[vc_row][vc_column][vc_column_text]<\/p>\n<h1>interior.<\/h1>\n<p>[\/vc_column_text][\/vc_column][\/vc_row][vc_row][vc_column][vc_column_text]<\/p>\n<p style=\"text-align: center;\">inoff&#8217;s m\u00f6bler anv\u00e4nds i olika projekt f\u00f6r att skapa en unik k\u00e4nsla vad g\u00e4ller funktion, form och f\u00e4rgs\u00e4ttning.<br \/>\nNedan presenterar vi\u00a0lite milj\u00f6bilder med v\u00e5ra produkter.<\/p>\n<p>[\/vc_column_text][\/vc_column][\/vc_row][vc_row][vc_column][vc_column_text][\/vc_column_text][\/vc_column][\/vc_row]<\/p>\n<\/div>","protected":false},"excerpt":{"rendered":"<p>[vc_row][vc_column][vc_column_text] interior. [\/vc_column_text][\/vc_column][\/vc_row][vc_row][vc_column][vc_column_text] inoff&#8217;s m\u00f6bler anv\u00e4nds i olika projekt f\u00f6r att skapa en unik k\u00e4nsla vad g\u00e4ller funktion, form och f\u00e4rgs\u00e4ttning. Nedan presenterar vi\u00a0lite milj\u00f6bilder med<span class=\"excerpt-hellip\"> [\u2026]<\/span><\/p>\n","protected":false},"author":1,"featured_media":0,"parent":0,"menu_order":0,"comment_status":"closed","ping_status":"closed","template":"","meta":{"footnotes":""},"class_list":["post-5076","page","type-page","status-publish","hentry"],"yoast_head":"<!-- This site is optimized with the Yoast SEO plugin v27.2 - https:\/\/yoast.com\/product\/yoast-seo-wordpress\/ -->\n<title>Interior - inoff<\/title>\n<meta name=\"robots\" content=\"index, follow, max-snippet:-1, max-image-preview:large, max-video-preview:-1\" \/>\n<link rel=\"canonical\" href=\"https:\/\/inoff.se\/en\/miljobilder\/\" \/>\n<meta property=\"og:locale\" content=\"en_US\" \/>\n<meta property=\"og:type\" content=\"article\" \/>\n<meta property=\"og:title\" content=\"Interior - inoff\" \/>\n<meta property=\"og:description\" content=\"[vc_row][vc_column][vc_column_text] interior. [\/vc_column_text][\/vc_column][\/vc_row][vc_row][vc_column][vc_column_text] inoff&#8217;s m\u00f6bler anv\u00e4nds i olika projekt f\u00f6r att skapa en unik k\u00e4nsla vad g\u00e4ller funktion, form och f\u00e4rgs\u00e4ttning. Nedan presenterar vi\u00a0lite milj\u00f6bilder med [\u2026]\" \/>\n<meta property=\"og:url\" content=\"https:\/\/inoff.se\/en\/miljobilder\/\" \/>\n<meta property=\"og:site_name\" content=\"inoff\" \/>\n<meta property=\"article:publisher\" content=\"https:\/\/www.facebook.com\/p\/Inoff-inred-ab-100076152374571\/\" \/>\n<meta property=\"article:modified_time\" content=\"2019-02-03T12:47:22+00:00\" \/>\n<meta property=\"og:image\" content=\"https:\/\/inoff.se\/wp-content\/uploads\/2019\/09\/inoff-logo.jpg\" \/>\n\t<meta property=\"og:image:width\" content=\"510\" \/>\n\t<meta property=\"og:image:height\" content=\"510\" \/>\n\t<meta property=\"og:image:type\" content=\"image\/jpeg\" \/>\n<meta name=\"twitter:card\" content=\"summary_large_image\" \/>\n<script type=\"application\/ld+json\" class=\"yoast-schema-graph\">{\"@context\":\"https:\/\/schema.org\",\"@graph\":[{\"@type\":\"WebPage\",\"@id\":\"https:\/\/inoff.se\/en\/miljobilder\/\",\"url\":\"https:\/\/inoff.se\/en\/miljobilder\/\",\"name\":\"Interior - inoff\",\"isPartOf\":{\"@id\":\"https:\/\/inoff.se\/en\/#website\"},\"datePublished\":\"2019-02-03T09:50:35+00:00\",\"dateModified\":\"2019-02-03T12:47:22+00:00\",\"breadcrumb\":{\"@id\":\"https:\/\/inoff.se\/en\/miljobilder\/#breadcrumb\"},\"inLanguage\":\"en-US\",\"potentialAction\":[{\"@type\":\"ReadAction\",\"target\":[\"https:\/\/inoff.se\/en\/miljobilder\/\"]}]},{\"@type\":\"BreadcrumbList\",\"@id\":\"https:\/\/inoff.se\/en\/miljobilder\/#breadcrumb\",\"itemListElement\":[{\"@type\":\"ListItem\",\"position\":1,\"name\":\"Home\",\"item\":\"https:\/\/inoff.se\/en\/?page_id=22037\"},{\"@type\":\"ListItem\",\"position\":2,\"name\":\"Interior\"}]},{\"@type\":\"WebSite\",\"@id\":\"https:\/\/inoff.se\/en\/#website\",\"url\":\"https:\/\/inoff.se\/en\/\",\"name\":\"inoff\",\"description\":\"inoff inred ab\",\"publisher\":{\"@id\":\"https:\/\/inoff.se\/en\/#organization\"},\"potentialAction\":[{\"@type\":\"SearchAction\",\"target\":{\"@type\":\"EntryPoint\",\"urlTemplate\":\"https:\/\/inoff.se\/en\/?s={search_term_string}\"},\"query-input\":{\"@type\":\"PropertyValueSpecification\",\"valueRequired\":true,\"valueName\":\"search_term_string\"}}],\"inLanguage\":\"en-US\"},{\"@type\":\"Organization\",\"@id\":\"https:\/\/inoff.se\/en\/#organization\",\"name\":\"Inoff\",\"url\":\"https:\/\/inoff.se\/en\/\",\"logo\":{\"@type\":\"ImageObject\",\"inLanguage\":\"en-US\",\"@id\":\"https:\/\/inoff.se\/en\/#\/schema\/logo\/image\/\",\"url\":\"https:\/\/inoff.se\/wp-content\/uploads\/2019\/09\/inoff-logo.jpg\",\"contentUrl\":\"https:\/\/inoff.se\/wp-content\/uploads\/2019\/09\/inoff-logo.jpg\",\"width\":510,\"height\":510,\"caption\":\"Inoff\"},\"image\":{\"@id\":\"https:\/\/inoff.se\/en\/#\/schema\/logo\/image\/\"},\"sameAs\":[\"https:\/\/www.facebook.com\/p\/Inoff-inred-ab-100076152374571\/\",\"https:\/\/www.instagram.com\/inoff.inred\/\",\"https:\/\/www.linkedin.com\/company\/inoff-inred-ab\/\"]}]}<\/script>\n<!-- \/ Yoast SEO plugin. -->","yoast_head_json":{"title":"Interior - inoff","robots":{"index":"index","follow":"follow","max-snippet":"max-snippet:-1","max-image-preview":"max-image-preview:large","max-video-preview":"max-video-preview:-1"},"canonical":"https:\/\/inoff.se\/en\/miljobilder\/","og_locale":"en_US","og_type":"article","og_title":"Interior - inoff","og_description":"[vc_row][vc_column][vc_column_text] interior. [\/vc_column_text][\/vc_column][\/vc_row][vc_row][vc_column][vc_column_text] inoff&#8217;s m\u00f6bler anv\u00e4nds i olika projekt f\u00f6r att skapa en unik k\u00e4nsla vad g\u00e4ller funktion, form och f\u00e4rgs\u00e4ttning. Nedan presenterar vi\u00a0lite milj\u00f6bilder med [\u2026]","og_url":"https:\/\/inoff.se\/en\/miljobilder\/","og_site_name":"inoff","article_publisher":"https:\/\/www.facebook.com\/p\/Inoff-inred-ab-100076152374571\/","article_modified_time":"2019-02-03T12:47:22+00:00","og_image":[{"width":510,"height":510,"url":"https:\/\/inoff.se\/wp-content\/uploads\/2019\/09\/inoff-logo.jpg","type":"image\/jpeg"}],"twitter_card":"summary_large_image","schema":{"@context":"https:\/\/schema.org","@graph":[{"@type":"WebPage","@id":"https:\/\/inoff.se\/en\/miljobilder\/","url":"https:\/\/inoff.se\/en\/miljobilder\/","name":"Interior - inoff","isPartOf":{"@id":"https:\/\/inoff.se\/en\/#website"},"datePublished":"2019-02-03T09:50:35+00:00","dateModified":"2019-02-03T12:47:22+00:00","breadcrumb":{"@id":"https:\/\/inoff.se\/en\/miljobilder\/#breadcrumb"},"inLanguage":"en-US","potentialAction":[{"@type":"ReadAction","target":["https:\/\/inoff.se\/en\/miljobilder\/"]}]},{"@type":"BreadcrumbList","@id":"https:\/\/inoff.se\/en\/miljobilder\/#breadcrumb","itemListElement":[{"@type":"ListItem","position":1,"name":"Home","item":"https:\/\/inoff.se\/en\/?page_id=22037"},{"@type":"ListItem","position":2,"name":"Interior"}]},{"@type":"WebSite","@id":"https:\/\/inoff.se\/en\/#website","url":"https:\/\/inoff.se\/en\/","name":"inoff","description":"inoff inred ab","publisher":{"@id":"https:\/\/inoff.se\/en\/#organization"},"potentialAction":[{"@type":"SearchAction","target":{"@type":"EntryPoint","urlTemplate":"https:\/\/inoff.se\/en\/?s={search_term_string}"},"query-input":{"@type":"PropertyValueSpecification","valueRequired":true,"valueName":"search_term_string"}}],"inLanguage":"en-US"},{"@type":"Organization","@id":"https:\/\/inoff.se\/en\/#organization","name":"Inoff","url":"https:\/\/inoff.se\/en\/","logo":{"@type":"ImageObject","inLanguage":"en-US","@id":"https:\/\/inoff.se\/en\/#\/schema\/logo\/image\/","url":"https:\/\/inoff.se\/wp-content\/uploads\/2019\/09\/inoff-logo.jpg","contentUrl":"https:\/\/inoff.se\/wp-content\/uploads\/2019\/09\/inoff-logo.jpg","width":510,"height":510,"caption":"Inoff"},"image":{"@id":"https:\/\/inoff.se\/en\/#\/schema\/logo\/image\/"},"sameAs":["https:\/\/www.facebook.com\/p\/Inoff-inred-ab-100076152374571\/","https:\/\/www.instagram.com\/inoff.inred\/","https:\/\/www.linkedin.com\/company\/inoff-inred-ab\/"]}]}},"_links":{"self":[{"href":"https:\/\/inoff.se\/en\/wp-json\/wp\/v2\/pages\/5076","targetHints":{"allow":["GET"]}}],"collection":[{"href":"https:\/\/inoff.se\/en\/wp-json\/wp\/v2\/pages"}],"about":[{"href":"https:\/\/inoff.se\/en\/wp-json\/wp\/v2\/types\/page"}],"author":[{"embeddable":true,"href":"https:\/\/inoff.se\/en\/wp-json\/wp\/v2\/users\/1"}],"replies":[{"embeddable":true,"href":"https:\/\/inoff.se\/en\/wp-json\/wp\/v2\/comments?post=5076"}],"version-history":[{"count":3,"href":"https:\/\/inoff.se\/en\/wp-json\/wp\/v2\/pages\/5076\/revisions"}],"predecessor-version":[{"id":5232,"href":"https:\/\/inoff.se\/en\/wp-json\/wp\/v2\/pages\/5076\/revisions\/5232"}],"wp:attachment":[{"href":"https:\/\/inoff.se\/en\/wp-json\/wp\/v2\/media?parent=5076"}],"curies":[{"name":"wp","href":"https:\/\/api.w.org\/{rel}","templated":true}]}}