{"id":5427,"date":"2017-02-07T09:28:24","date_gmt":"2017-02-07T08:28:24","guid":{"rendered":"https:\/\/inoff.se\/products\/saga-10\/"},"modified":"2021-12-17T09:14:51","modified_gmt":"2021-12-17T08:14:51","slug":"saga-soffbord","status":"publish","type":"page","link":"https:\/\/inoff.se\/en\/products\/saga-soffbord\/","title":{"rendered":"saga table"},"content":{"rendered":"<div class=\"wpb-content-wrapper\"><p>[vc_row full_width=&#8221;stretch_row_content&#8221;][vc_column][vc_single_image image=&#8221;7116&#8243; img_size=&#8221;full&#8221; alignment=&#8221;center&#8221;][\/vc_column][\/vc_row][vc_row][vc_column][vc_column_text css=&#8221;.vc_custom_1609849846728{margin-bottom: 0px !important;padding-bottom: 0px !important;}&#8221;]<\/p>\n<h1 style=\"text-align: left;\">saga.<\/h1>\n<p>[\/vc_column_text][vc_column_text css=&#8221;.vc_custom_1637664837247{margin-top: 0px !important;margin-bottom: 0px !important;padding-top: 0px !important;padding-bottom: 5px !important;}&#8221;]coffee table[\/vc_column_text][\/vc_column][\/vc_row][vc_row][vc_column width=&#8221;1\/2&#8243; el_class=&#8221;float-right&#8221;][vc_single_image image=&#8221;4544&#8243; img_size=&#8221;large&#8221;][\/vc_column][vc_column width=&#8221;1\/2&#8243;][vc_column_text]The Saga series also includes coffee tables available in two sizes as standard. The frame is made of clear lacquereded birch and the tabletop is of birch laminate. Saga coffee table is ideal to go with Saga sofa and armchair.<\/p>\n<p><strong><img loading=\"lazy\" decoding=\"async\" class=\" wp-image-1562 alignleft\" src=\"https:\/\/inoff.se\/wp-content\/uploads\/2017\/03\/Tom.jpg\" alt=\"\" width=\"75\" height=\"83\" \/><\/strong><strong>Design<\/strong><br \/>\nTom Stepp<\/p>\n<p>&nbsp;<\/p>\n<p><a href=\"https:\/\/inoff.se\/kontakt\/\">Kontakta oss <strong>h\u00e4r<\/strong> f\u00f6r mer information<\/a><\/p>\n<p>_<\/p>\n<p><img loading=\"lazy\" decoding=\"async\" class=\"size-full wp-image-1932 alignleft\" src=\"https:\/\/inoff.se\/wp-content\/uploads\/2017\/02\/Testad.jpg\" alt=\"\" width=\"60\" height=\"60\" \/><strong><br \/>\n<\/strong>[\/vc_column_text][\/vc_column][\/vc_row][vc_row gap=&#8221;10&#8243; equal_height=&#8221;yes&#8221;][vc_column width=&#8221;1\/3&#8243; css=&#8221;.vc_custom_1608541917648{padding-left: 40px !important;background-color: #f2eee2 !important;}&#8221;][vc_custom_heading text=&#8221;optional&#8221; font_container=&#8221;tag:h3|font_size:22|text_align:left|color:%236e6259&#8243; use_theme_fonts=&#8221;yes&#8221; css=&#8221;.vc_custom_1637664877569{margin-top: 20px !important;margin-bottom: 0px !important;padding-bottom: 10px !important;}&#8221;][vc_separator color=&#8221;custom&#8221; align=&#8221;align_left&#8221; el_width=&#8221;50&#8243; css=&#8221;.vc_custom_1608541923666{margin-top: 0px !important;margin-bottom: 0px !important;padding-top: 0px !important;padding-bottom: 0px !important;}&#8221; accent_color=&#8221;#ffffff&#8221;][\/vc_column][vc_column width=&#8221;1\/3&#8243; css=&#8221;.vc_custom_1608541909832{padding-left: 40px !important;background-color: #f2eee2 !important;}&#8221;][vc_custom_heading text=&#8221;measurement (cm)&#8221; font_container=&#8221;tag:h3|font_size:22|text_align:left|color:%236e6259&#8243; use_theme_fonts=&#8221;yes&#8221; css=&#8221;.vc_custom_1637664887742{margin-top: 20px !important;margin-bottom: 0px !important;padding-bottom: 10px !important;}&#8221;][vc_separator color=&#8221;custom&#8221; align=&#8221;align_left&#8221; el_width=&#8221;50&#8243; css=&#8221;.vc_custom_1608541891578{margin-top: 0px !important;margin-bottom: 0px !important;padding-top: 0px !important;padding-bottom: 0px !important;}&#8221; accent_color=&#8221;#ffffff&#8221;][vc_column_text css=&#8221;.vc_custom_1637664899012{margin-bottom: 0px !important;padding-top: 20px !important;padding-bottom: 0px !important;}&#8221;]Height: 58.5[\/vc_column_text][vc_row_inner css=&#8221;.vc_custom_1609850016801{margin-bottom: 20px !important;}&#8221;][vc_column_inner width=&#8221;1\/5&#8243; css=&#8221;.vc_custom_1607344431463{margin-bottom: 0px !important;padding-bottom: 5px !important;}&#8221;][vc_single_image image=&#8221;11345&#8243; img_size=&#8221;medium&#8221; alignment=&#8221;center&#8221;][\/vc_column_inner][vc_column_inner width=&#8221;4\/5&#8243;][vc_column_text css=&#8221;.vc_custom_1609850007289{margin-bottom: 0px !important;padding-top: 0px !important;padding-bottom: 0px !important;}&#8221;]65&#215;65<br \/>\n100&#215;65[\/vc_column_text][\/vc_column_inner][\/vc_row_inner][\/vc_column][vc_column width=&#8221;1\/3&#8243; css=&#8221;.vc_custom_1608541954718{padding-left: 40px !important;background-color: #f2eee2 !important;}&#8221;][vc_custom_heading text=&#8221;downloads&#8221; font_container=&#8221;tag:h3|font_size:22|text_align:left|color:%236e6259&#8243; use_theme_fonts=&#8221;yes&#8221; css=&#8221;.vc_custom_1608541947872{margin-top: 20px !important;margin-bottom: 0px !important;padding-bottom: 10px !important;}&#8221;][vc_separator color=&#8221;custom&#8221; align=&#8221;align_left&#8221; el_width=&#8221;50&#8243; css=&#8221;.vc_custom_1608541941395{margin-top: 0px !important;margin-bottom: 0px !important;padding-top: 0px !important;padding-bottom: 0px !important;}&#8221; accent_color=&#8221;#ffffff&#8221;][vc_column_text]<a href=\"https:\/\/inoff.se\/wp-content\/uploads\/2020\/12\/Saga.zip\">DWG<\/a><br \/>\n<a href=\"https:\/\/inoff.se\/downloads-2\/\">Produktblad<\/a>[\/vc_column_text][\/vc_column][\/vc_row][vc_row][vc_column][vc_empty_space height=&#8221;20&#8243;][\/vc_column][\/vc_row][vc_row gap=&#8221;5&#8243; equal_height=&#8221;yes&#8221;][vc_column width=&#8221;1\/2&#8243;]<div class=\"lvca-image-slider lvca-container lvca-style1\"\n             data-slider-type=\"flex\"\n             data-settings='{\"class\":\"\",\"slider_type\":\"flex\",\"image_size\":\"full\",\"caption_style\":\"style1\",\"animation\":\"slide\",\"direction\":\"horizontal\",\"control_nav\":\"true\",\"direction_nav\":\"true\",\"thumbnail_nav\":\"true\",\"randomize\":\"\",\"pause_on_hover\":\"\",\"pause_on_action\":\"\",\"loop\":\"\",\"slideshow\":\"\",\"slideshow_speed\":\"5000\",\"animation_speed\":\"600\"}'><div id=\"lvca-slider-69e635207fc7a\" data-carousel=\"lvca-carousel-69e635207fc79\" class=\"lvca-flexslider\"><div class=\"lvca-slides\"><div data-thumb=\"https:\/\/inoff.se\/wp-content\/uploads\/2020\/10\/Saga-milj\u00f6-01-300x300.jpg\" class=\"lvca-slide\"><img loading=\"lazy\" decoding=\"async\" width=\"700\" height=\"700\" src=\"https:\/\/inoff.se\/wp-content\/uploads\/2020\/10\/Saga-milj\u00f6-01.jpg\" class=\"lvca-image full\" alt=\"\" srcset=\"https:\/\/inoff.se\/wp-content\/uploads\/2020\/10\/Saga-milj\u00f6-01.jpg 700w, https:\/\/inoff.se\/wp-content\/uploads\/2020\/10\/Saga-milj\u00f6-01-150x150.jpg 150w, https:\/\/inoff.se\/wp-content\/uploads\/2020\/10\/Saga-milj\u00f6-01-300x300.jpg 300w\" sizes=\"auto, (max-width:767px) 480px, 700px\" \/><\/div><div data-thumb=\"https:\/\/inoff.se\/wp-content\/uploads\/2020\/10\/clara-milj\u00f6-f\u00e5t\u00f6lj-03-300x300.jpg\" class=\"lvca-slide\"><img loading=\"lazy\" decoding=\"async\" width=\"700\" height=\"700\" src=\"https:\/\/inoff.se\/wp-content\/uploads\/2020\/10\/clara-milj\u00f6-f\u00e5t\u00f6lj-03.jpg\" class=\"lvca-image full\" alt=\"\" srcset=\"https:\/\/inoff.se\/wp-content\/uploads\/2020\/10\/clara-milj\u00f6-f\u00e5t\u00f6lj-03.jpg 700w, https:\/\/inoff.se\/wp-content\/uploads\/2020\/10\/clara-milj\u00f6-f\u00e5t\u00f6lj-03-150x150.jpg 150w, https:\/\/inoff.se\/wp-content\/uploads\/2020\/10\/clara-milj\u00f6-f\u00e5t\u00f6lj-03-300x300.jpg 300w\" sizes=\"auto, (max-width:767px) 480px, 700px\" \/><\/div><\/div><!-- .lvca-slides --><\/div><!-- .lvca-flexslider --><div id=\"lvca-carousel-69e635207fc79\" class=\"lvca-thumbnailslider lvca-flexslider\"><div class=\"lvca-slides\"><div class=\"lvca-slide\"><img loading=\"lazy\" decoding=\"async\" width=\"300\" height=\"300\" src=\"https:\/\/inoff.se\/wp-content\/uploads\/2020\/10\/Saga-milj\u00f6-01-300x300.jpg\" class=\"lvca-image medium\" alt=\"\" srcset=\"https:\/\/inoff.se\/wp-content\/uploads\/2020\/10\/Saga-milj\u00f6-01-300x300.jpg 300w, https:\/\/inoff.se\/wp-content\/uploads\/2020\/10\/Saga-milj\u00f6-01-150x150.jpg 150w, https:\/\/inoff.se\/wp-content\/uploads\/2020\/10\/Saga-milj\u00f6-01.jpg 700w\" sizes=\"auto, (max-width:767px) 300px, 300px\" \/><\/div><div class=\"lvca-slide\"><img loading=\"lazy\" decoding=\"async\" width=\"300\" height=\"300\" src=\"https:\/\/inoff.se\/wp-content\/uploads\/2020\/10\/clara-milj\u00f6-f\u00e5t\u00f6lj-03-300x300.jpg\" class=\"lvca-image medium\" alt=\"\" srcset=\"https:\/\/inoff.se\/wp-content\/uploads\/2020\/10\/clara-milj\u00f6-f\u00e5t\u00f6lj-03-300x300.jpg 300w, https:\/\/inoff.se\/wp-content\/uploads\/2020\/10\/clara-milj\u00f6-f\u00e5t\u00f6lj-03-150x150.jpg 150w, https:\/\/inoff.se\/wp-content\/uploads\/2020\/10\/clara-milj\u00f6-f\u00e5t\u00f6lj-03.jpg 700w\" sizes=\"auto, (max-width:767px) 300px, 300px\" \/><\/div><\/div><\/div><\/div>[vc_row_inner css=&#8221;.vc_custom_1602072569729{margin-top: -20px !important;margin-bottom: 20px !important;}&#8221;][vc_column_inner][\/vc_column_inner][\/vc_row_inner][\/vc_column][vc_column width=&#8221;1\/2&#8243;]<div class=\"lvca-image-slider lvca-container lvca-style1\"\n             data-slider-type=\"flex\"\n             data-settings='{\"class\":\"\",\"slider_type\":\"flex\",\"image_size\":\"full\",\"caption_style\":\"style1\",\"animation\":\"slide\",\"direction\":\"horizontal\",\"control_nav\":\"true\",\"direction_nav\":\"true\",\"thumbnail_nav\":\"true\",\"randomize\":\"\",\"pause_on_hover\":\"\",\"pause_on_action\":\"\",\"loop\":\"\",\"slideshow\":\"\",\"slideshow_speed\":\"5000\",\"animation_speed\":\"600\"}'><div id=\"lvca-slider-69e6352080765\" data-carousel=\"lvca-carousel-69e6352080764\" class=\"lvca-flexslider\"><div class=\"lvca-slides\"><div data-thumb=\"https:\/\/inoff.se\/wp-content\/uploads\/2021\/03\/Saga-soffbord-01-300x300.jpg\" class=\"lvca-slide\"><img loading=\"lazy\" decoding=\"async\" width=\"700\" height=\"700\" src=\"https:\/\/inoff.se\/wp-content\/uploads\/2021\/03\/Saga-soffbord-01.jpg\" class=\"lvca-image full\" alt=\"\" srcset=\"https:\/\/inoff.se\/wp-content\/uploads\/2021\/03\/Saga-soffbord-01.jpg 700w, https:\/\/inoff.se\/wp-content\/uploads\/2021\/03\/Saga-soffbord-01-300x300.jpg 300w, https:\/\/inoff.se\/wp-content\/uploads\/2021\/03\/Saga-soffbord-01-150x150.jpg 150w\" sizes=\"auto, (max-width:767px) 480px, 700px\" \/><\/div><div data-thumb=\"https:\/\/inoff.se\/wp-content\/uploads\/2021\/03\/Saga-soffbord-02-300x300.jpg\" class=\"lvca-slide\"><img loading=\"lazy\" decoding=\"async\" width=\"700\" height=\"700\" src=\"https:\/\/inoff.se\/wp-content\/uploads\/2021\/03\/Saga-soffbord-02.jpg\" class=\"lvca-image full\" alt=\"\" srcset=\"https:\/\/inoff.se\/wp-content\/uploads\/2021\/03\/Saga-soffbord-02.jpg 700w, https:\/\/inoff.se\/wp-content\/uploads\/2021\/03\/Saga-soffbord-02-300x300.jpg 300w, https:\/\/inoff.se\/wp-content\/uploads\/2021\/03\/Saga-soffbord-02-150x150.jpg 150w\" sizes=\"auto, (max-width:767px) 480px, 700px\" \/><\/div><\/div><!-- .lvca-slides --><\/div><!-- .lvca-flexslider --><div id=\"lvca-carousel-69e6352080764\" class=\"lvca-thumbnailslider lvca-flexslider\"><div class=\"lvca-slides\"><div class=\"lvca-slide\"><img loading=\"lazy\" decoding=\"async\" width=\"300\" height=\"300\" src=\"https:\/\/inoff.se\/wp-content\/uploads\/2021\/03\/Saga-soffbord-01-300x300.jpg\" class=\"lvca-image medium\" alt=\"\" srcset=\"https:\/\/inoff.se\/wp-content\/uploads\/2021\/03\/Saga-soffbord-01-300x300.jpg 300w, https:\/\/inoff.se\/wp-content\/uploads\/2021\/03\/Saga-soffbord-01-150x150.jpg 150w, https:\/\/inoff.se\/wp-content\/uploads\/2021\/03\/Saga-soffbord-01.jpg 700w\" sizes=\"auto, (max-width:767px) 300px, 300px\" \/><\/div><div class=\"lvca-slide\"><img loading=\"lazy\" decoding=\"async\" width=\"300\" height=\"300\" src=\"https:\/\/inoff.se\/wp-content\/uploads\/2021\/03\/Saga-soffbord-02-300x300.jpg\" class=\"lvca-image medium\" alt=\"\" srcset=\"https:\/\/inoff.se\/wp-content\/uploads\/2021\/03\/Saga-soffbord-02-300x300.jpg 300w, https:\/\/inoff.se\/wp-content\/uploads\/2021\/03\/Saga-soffbord-02-150x150.jpg 150w, https:\/\/inoff.se\/wp-content\/uploads\/2021\/03\/Saga-soffbord-02.jpg 700w\" sizes=\"auto, (max-width:767px) 300px, 300px\" \/><\/div><\/div><\/div><\/div>[\/vc_column][\/vc_row][vc_row][vc_column][vc_empty_space height=&#8221;20&#8243;][\/vc_column][\/vc_row][vc_row css=&#8221;.vc_custom_1602073338800{margin-bottom: 5px !important;}&#8221;][vc_column][vc_custom_heading text=&#8221;related products&#8221; font_container=&#8221;tag:h3|font_size:22|text_align:left|color:%236e6259&#8243; use_theme_fonts=&#8221;yes&#8221; css=&#8221;.vc_custom_1637664919019{padding-top: 20px !important;}&#8221;][vc_empty_space height=&#8221;20px&#8221;][vc_row_inner][vc_column_inner width=&#8221;1\/6&#8243;][vc_single_image image=&#8221;6670&#8243; onclick=&#8221;custom_link&#8221; link=&#8221;https:\/\/inoff.se\/en\/products\/joe-soffbord&#8221;][vc_column_text]<\/p>\n<p style=\"text-align: center;\"><a href=\"https:\/\/inoff.se\/en\/products\/joe-soffbord\">joe.<\/a><\/p>\n<p>[\/vc_column_text][\/vc_column_inner][vc_column_inner width=&#8221;1\/6&#8243;][vc_single_image image=&#8221;5050&#8243; onclick=&#8221;custom_link&#8221; link=&#8221;https:\/\/inoff.se\/en\/products\/gear-soffbord\/&#8221;][vc_column_text]<\/p>\n<p style=\"text-align: center;\"><a href=\"https:\/\/inoff.se\/en\/products\/gear-soffbord\/\">gear.<\/a><\/p>\n<p>[\/vc_column_text][\/vc_column_inner][vc_column_inner width=&#8221;1\/6&#8243;][vc_single_image image=&#8221;4590&#8243; onclick=&#8221;custom_link&#8221; link=&#8221;https:\/\/inoff.se\/en\/products\/saga-fatolj\/&#8221;][vc_column_text]<\/p>\n<p style=\"text-align: center;\"><a href=\"https:\/\/inoff.se\/en\/products\/saga-fatolj\/\">saga.<\/a><\/p>\n<p>[\/vc_column_text][\/vc_column_inner][vc_column_inner width=&#8221;1\/6&#8243;][\/vc_column_inner][vc_column_inner width=&#8221;1\/6&#8243;][\/vc_column_inner][vc_column_inner width=&#8221;1\/6&#8243;][\/vc_column_inner][\/vc_row_inner][\/vc_column][\/vc_row]<\/p>\n<\/div>","protected":false},"excerpt":{"rendered":"<p>[vc_row full_width=&#8221;stretch_row_content&#8221;][vc_column][vc_single_image image=&#8221;7116&#8243; img_size=&#8221;full&#8221; alignment=&#8221;center&#8221;][\/vc_column][\/vc_row][vc_row][vc_column][vc_column_text css=&#8221;.vc_custom_1609849846728{margin-bottom: 0px !important;padding-bottom: 0px !important;}&#8221;] saga. [\/vc_column_text][vc_column_text css=&#8221;.vc_custom_1637664837247{margin-top: 0px !important;margin-bottom: 0px !important;padding-top: 0px !important;padding-bottom: 5px !important;}&#8221;]coffee table[\/vc_column_text][\/vc_column][\/vc_row][vc_row][vc_column width=&#8221;1\/2&#8243; el_class=&#8221;float-right&#8221;][vc_single_image image=&#8221;4544&#8243; img_size=&#8221;large&#8221;][\/vc_column][vc_column<span class=\"excerpt-hellip\"> [\u2026]<\/span><\/p>\n","protected":false},"author":2,"featured_media":0,"parent":5095,"menu_order":0,"comment_status":"closed","ping_status":"closed","template":"","meta":{"footnotes":""},"class_list":["post-5427","page","type-page","status-publish","hentry"],"yoast_head":"<!-- This site is optimized with the Yoast SEO plugin v27.2 - https:\/\/yoast.com\/product\/yoast-seo-wordpress\/ -->\n<title>saga table - inoff<\/title>\n<meta name=\"robots\" content=\"index, follow, max-snippet:-1, max-image-preview:large, max-video-preview:-1\" \/>\n<link rel=\"canonical\" href=\"https:\/\/inoff.se\/en\/products\/saga-soffbord\/\" \/>\n<meta property=\"og:locale\" content=\"en_US\" \/>\n<meta property=\"og:type\" content=\"article\" \/>\n<meta property=\"og:title\" content=\"saga table - inoff\" \/>\n<meta property=\"og:description\" content=\"[vc_row full_width=&#8221;stretch_row_content&#8221;][vc_column][vc_single_image image=&#8221;7116&#8243; img_size=&#8221;full&#8221; alignment=&#8221;center&#8221;][\/vc_column][\/vc_row][vc_row][vc_column][vc_column_text css=&#8221;.vc_custom_1609849846728{margin-bottom: 0px !important;padding-bottom: 0px !important;}&#8221;] saga. [\/vc_column_text][vc_column_text css=&#8221;.vc_custom_1637664837247{margin-top: 0px !important;margin-bottom: 0px !important;padding-top: 0px !important;padding-bottom: 5px !important;}&#8221;]coffee table[\/vc_column_text][\/vc_column][\/vc_row][vc_row][vc_column width=&#8221;1\/2&#8243; el_class=&#8221;float-right&#8221;][vc_single_image image=&#8221;4544&#8243; img_size=&#8221;large&#8221;][\/vc_column][vc_column [\u2026]\" \/>\n<meta property=\"og:url\" content=\"https:\/\/inoff.se\/en\/products\/saga-soffbord\/\" \/>\n<meta property=\"og:site_name\" content=\"inoff\" \/>\n<meta property=\"article:publisher\" content=\"https:\/\/www.facebook.com\/p\/Inoff-inred-ab-100076152374571\/\" \/>\n<meta property=\"article:modified_time\" content=\"2021-12-17T08:14:51+00:00\" \/>\n<meta property=\"og:image\" content=\"https:\/\/inoff.se\/wp-content\/uploads\/2017\/03\/Tom.jpg\" \/>\n<meta name=\"twitter:card\" content=\"summary_large_image\" \/>\n<meta name=\"twitter:label1\" content=\"Est. reading time\" \/>\n\t<meta name=\"twitter:data1\" content=\"4 minutes\" \/>\n<script type=\"application\/ld+json\" class=\"yoast-schema-graph\">{\"@context\":\"https:\/\/schema.org\",\"@graph\":[{\"@type\":\"WebPage\",\"@id\":\"https:\/\/inoff.se\/en\/products\/saga-soffbord\/\",\"url\":\"https:\/\/inoff.se\/en\/products\/saga-soffbord\/\",\"name\":\"saga table - inoff\",\"isPartOf\":{\"@id\":\"https:\/\/inoff.se\/en\/#website\"},\"primaryImageOfPage\":{\"@id\":\"https:\/\/inoff.se\/en\/products\/saga-soffbord\/#primaryimage\"},\"image\":{\"@id\":\"https:\/\/inoff.se\/en\/products\/saga-soffbord\/#primaryimage\"},\"thumbnailUrl\":\"https:\/\/inoff.se\/wp-content\/uploads\/2017\/03\/Tom.jpg\",\"datePublished\":\"2017-02-07T08:28:24+00:00\",\"dateModified\":\"2021-12-17T08:14:51+00:00\",\"breadcrumb\":{\"@id\":\"https:\/\/inoff.se\/en\/products\/saga-soffbord\/#breadcrumb\"},\"inLanguage\":\"en-US\",\"potentialAction\":[{\"@type\":\"ReadAction\",\"target\":[\"https:\/\/inoff.se\/en\/products\/saga-soffbord\/\"]}]},{\"@type\":\"ImageObject\",\"inLanguage\":\"en-US\",\"@id\":\"https:\/\/inoff.se\/en\/products\/saga-soffbord\/#primaryimage\",\"url\":\"https:\/\/inoff.se\/wp-content\/uploads\/2017\/03\/Tom.jpg\",\"contentUrl\":\"https:\/\/inoff.se\/wp-content\/uploads\/2017\/03\/Tom.jpg\"},{\"@type\":\"BreadcrumbList\",\"@id\":\"https:\/\/inoff.se\/en\/products\/saga-soffbord\/#breadcrumb\",\"itemListElement\":[{\"@type\":\"ListItem\",\"position\":1,\"name\":\"Home\",\"item\":\"https:\/\/inoff.se\/en\/?page_id=22037\"},{\"@type\":\"ListItem\",\"position\":2,\"name\":\"Products\",\"item\":\"https:\/\/inoff.se\/en\/products\/\"},{\"@type\":\"ListItem\",\"position\":3,\"name\":\"saga table\"}]},{\"@type\":\"WebSite\",\"@id\":\"https:\/\/inoff.se\/en\/#website\",\"url\":\"https:\/\/inoff.se\/en\/\",\"name\":\"inoff\",\"description\":\"inoff inred ab\",\"publisher\":{\"@id\":\"https:\/\/inoff.se\/en\/#organization\"},\"potentialAction\":[{\"@type\":\"SearchAction\",\"target\":{\"@type\":\"EntryPoint\",\"urlTemplate\":\"https:\/\/inoff.se\/en\/?s={search_term_string}\"},\"query-input\":{\"@type\":\"PropertyValueSpecification\",\"valueRequired\":true,\"valueName\":\"search_term_string\"}}],\"inLanguage\":\"en-US\"},{\"@type\":\"Organization\",\"@id\":\"https:\/\/inoff.se\/en\/#organization\",\"name\":\"Inoff\",\"url\":\"https:\/\/inoff.se\/en\/\",\"logo\":{\"@type\":\"ImageObject\",\"inLanguage\":\"en-US\",\"@id\":\"https:\/\/inoff.se\/en\/#\/schema\/logo\/image\/\",\"url\":\"https:\/\/inoff.se\/wp-content\/uploads\/2019\/09\/inoff-logo.jpg\",\"contentUrl\":\"https:\/\/inoff.se\/wp-content\/uploads\/2019\/09\/inoff-logo.jpg\",\"width\":510,\"height\":510,\"caption\":\"Inoff\"},\"image\":{\"@id\":\"https:\/\/inoff.se\/en\/#\/schema\/logo\/image\/\"},\"sameAs\":[\"https:\/\/www.facebook.com\/p\/Inoff-inred-ab-100076152374571\/\",\"https:\/\/www.instagram.com\/inoff.inred\/\",\"https:\/\/www.linkedin.com\/company\/inoff-inred-ab\/\"]}]}<\/script>\n<!-- \/ Yoast SEO plugin. -->","yoast_head_json":{"title":"saga table - inoff","robots":{"index":"index","follow":"follow","max-snippet":"max-snippet:-1","max-image-preview":"max-image-preview:large","max-video-preview":"max-video-preview:-1"},"canonical":"https:\/\/inoff.se\/en\/products\/saga-soffbord\/","og_locale":"en_US","og_type":"article","og_title":"saga table - inoff","og_description":"[vc_row full_width=&#8221;stretch_row_content&#8221;][vc_column][vc_single_image image=&#8221;7116&#8243; img_size=&#8221;full&#8221; alignment=&#8221;center&#8221;][\/vc_column][\/vc_row][vc_row][vc_column][vc_column_text css=&#8221;.vc_custom_1609849846728{margin-bottom: 0px !important;padding-bottom: 0px !important;}&#8221;] saga. [\/vc_column_text][vc_column_text css=&#8221;.vc_custom_1637664837247{margin-top: 0px !important;margin-bottom: 0px !important;padding-top: 0px !important;padding-bottom: 5px !important;}&#8221;]coffee table[\/vc_column_text][\/vc_column][\/vc_row][vc_row][vc_column width=&#8221;1\/2&#8243; el_class=&#8221;float-right&#8221;][vc_single_image image=&#8221;4544&#8243; img_size=&#8221;large&#8221;][\/vc_column][vc_column [\u2026]","og_url":"https:\/\/inoff.se\/en\/products\/saga-soffbord\/","og_site_name":"inoff","article_publisher":"https:\/\/www.facebook.com\/p\/Inoff-inred-ab-100076152374571\/","article_modified_time":"2021-12-17T08:14:51+00:00","og_image":[{"url":"https:\/\/inoff.se\/wp-content\/uploads\/2017\/03\/Tom.jpg","type":"","width":"","height":""}],"twitter_card":"summary_large_image","twitter_misc":{"Est. reading time":"4 minutes"},"schema":{"@context":"https:\/\/schema.org","@graph":[{"@type":"WebPage","@id":"https:\/\/inoff.se\/en\/products\/saga-soffbord\/","url":"https:\/\/inoff.se\/en\/products\/saga-soffbord\/","name":"saga table - inoff","isPartOf":{"@id":"https:\/\/inoff.se\/en\/#website"},"primaryImageOfPage":{"@id":"https:\/\/inoff.se\/en\/products\/saga-soffbord\/#primaryimage"},"image":{"@id":"https:\/\/inoff.se\/en\/products\/saga-soffbord\/#primaryimage"},"thumbnailUrl":"https:\/\/inoff.se\/wp-content\/uploads\/2017\/03\/Tom.jpg","datePublished":"2017-02-07T08:28:24+00:00","dateModified":"2021-12-17T08:14:51+00:00","breadcrumb":{"@id":"https:\/\/inoff.se\/en\/products\/saga-soffbord\/#breadcrumb"},"inLanguage":"en-US","potentialAction":[{"@type":"ReadAction","target":["https:\/\/inoff.se\/en\/products\/saga-soffbord\/"]}]},{"@type":"ImageObject","inLanguage":"en-US","@id":"https:\/\/inoff.se\/en\/products\/saga-soffbord\/#primaryimage","url":"https:\/\/inoff.se\/wp-content\/uploads\/2017\/03\/Tom.jpg","contentUrl":"https:\/\/inoff.se\/wp-content\/uploads\/2017\/03\/Tom.jpg"},{"@type":"BreadcrumbList","@id":"https:\/\/inoff.se\/en\/products\/saga-soffbord\/#breadcrumb","itemListElement":[{"@type":"ListItem","position":1,"name":"Home","item":"https:\/\/inoff.se\/en\/?page_id=22037"},{"@type":"ListItem","position":2,"name":"Products","item":"https:\/\/inoff.se\/en\/products\/"},{"@type":"ListItem","position":3,"name":"saga table"}]},{"@type":"WebSite","@id":"https:\/\/inoff.se\/en\/#website","url":"https:\/\/inoff.se\/en\/","name":"inoff","description":"inoff inred ab","publisher":{"@id":"https:\/\/inoff.se\/en\/#organization"},"potentialAction":[{"@type":"SearchAction","target":{"@type":"EntryPoint","urlTemplate":"https:\/\/inoff.se\/en\/?s={search_term_string}"},"query-input":{"@type":"PropertyValueSpecification","valueRequired":true,"valueName":"search_term_string"}}],"inLanguage":"en-US"},{"@type":"Organization","@id":"https:\/\/inoff.se\/en\/#organization","name":"Inoff","url":"https:\/\/inoff.se\/en\/","logo":{"@type":"ImageObject","inLanguage":"en-US","@id":"https:\/\/inoff.se\/en\/#\/schema\/logo\/image\/","url":"https:\/\/inoff.se\/wp-content\/uploads\/2019\/09\/inoff-logo.jpg","contentUrl":"https:\/\/inoff.se\/wp-content\/uploads\/2019\/09\/inoff-logo.jpg","width":510,"height":510,"caption":"Inoff"},"image":{"@id":"https:\/\/inoff.se\/en\/#\/schema\/logo\/image\/"},"sameAs":["https:\/\/www.facebook.com\/p\/Inoff-inred-ab-100076152374571\/","https:\/\/www.instagram.com\/inoff.inred\/","https:\/\/www.linkedin.com\/company\/inoff-inred-ab\/"]}]}},"_links":{"self":[{"href":"https:\/\/inoff.se\/en\/wp-json\/wp\/v2\/pages\/5427","targetHints":{"allow":["GET"]}}],"collection":[{"href":"https:\/\/inoff.se\/en\/wp-json\/wp\/v2\/pages"}],"about":[{"href":"https:\/\/inoff.se\/en\/wp-json\/wp\/v2\/types\/page"}],"author":[{"embeddable":true,"href":"https:\/\/inoff.se\/en\/wp-json\/wp\/v2\/users\/2"}],"replies":[{"embeddable":true,"href":"https:\/\/inoff.se\/en\/wp-json\/wp\/v2\/comments?post=5427"}],"version-history":[{"count":7,"href":"https:\/\/inoff.se\/en\/wp-json\/wp\/v2\/pages\/5427\/revisions"}],"predecessor-version":[{"id":15977,"href":"https:\/\/inoff.se\/en\/wp-json\/wp\/v2\/pages\/5427\/revisions\/15977"}],"up":[{"embeddable":true,"href":"https:\/\/inoff.se\/en\/wp-json\/wp\/v2\/pages\/5095"}],"wp:attachment":[{"href":"https:\/\/inoff.se\/en\/wp-json\/wp\/v2\/media?parent=5427"}],"curies":[{"name":"wp","href":"https:\/\/api.w.org\/{rel}","templated":true}]}}